{"id":317,"date":"2023-05-01T11:23:46","date_gmt":"2023-05-01T09:23:46","guid":{"rendered":"https:\/\/chirurgietisnov.cz\/?page_id=317"},"modified":"2026-03-12T10:16:46","modified_gmt":"2026-03-12T09:16:46","slug":"chirurgie-tisnov-s-r-o","status":"publish","type":"page","link":"https:\/\/chirurgietisnov.cz\/","title":{"rendered":"Chirurgie Ti\u0161nov s.r.o"},"content":{"rendered":"\n<h2 class=\"wp-block-heading has-text-color has-large-font-size\" style=\"color:#d70000\"><strong>Aktu\u00e1ln\u00ed ozn\u00e1men\u00ed:<\/strong><\/h2>\n\n\n\n<ul>\n<li>Ve dnech <strong>27.3.2026 &#8211; 31.3.2026 neordinujeme<\/strong> z d\u016fvodu dovolen\u00e9.<\/li>\n<\/ul>\n\n\n\n<h2 class=\"wp-block-heading\">Nab\u00eddka pr\u00e1ce<\/h2>\n\n\n\n<p>Do na\u0161eho t\u00fdmu <strong>hled\u00e1me zdravotn\u00ed sestru<\/strong> pro chirurgickou ambulanci na DPP 2-3\u00d7 t\u00fddn\u011b na 4-6 hodin denn\u011b, p\u0159\u00edpadn\u011b na pracovn\u00ed pom\u011br do \u00favazku 0.5 (4-5\u00d7 t\u00fddn\u011b).<\/p>\n\n\n\n<p>Podm\u00ednky dle osobn\u00ed domluvy.<\/p>\n\n\n\n<p>V p\u0159\u00edpad\u011b z\u00e1jmu n\u00e1s kontaktujte ve v\u0161edn\u00ed dny dopoledne na telefonn\u00edm \u010d\u00edsle <a href=\"tel:+420549439914\">549 439 914<\/a>.<\/p>\n\n\n\n<h2 class=\"wp-block-heading\">D\u016fle\u017eit\u00e9 odkazy<\/h2>\n\n\n\n<ul>\n<li class=\"has-large-font-size\"><a href=\"https:\/\/chirurgietisnov.cz\/index.php\/domu\/\" data-type=\"page\" data-id=\"44\">Chirurgie<\/a><\/li>\n\n\n\n<li class=\"has-large-font-size\"><a href=\"https:\/\/chirurgietisnov.cz\/index.php\/psychiatrie\/\" data-type=\"page\" data-id=\"242\">Psychiatrie<\/a><\/li>\n\n\n\n<li class=\"has-large-font-size\"><a href=\"https:\/\/chirurgietisnov.cz\/index.php\/poradenstvi\/\" data-type=\"page\" data-id=\"326\">Poradenstv\u00ed-psychoterapie<\/a><\/li>\n<\/ul>\n","protected":false},"excerpt":{"rendered":"<p>Aktu\u00e1ln\u00ed ozn\u00e1men\u00ed: Nab\u00eddka pr\u00e1ce Do na\u0161eho t\u00fdmu hled\u00e1me zdravotn\u00ed sestru pro chirurgickou ambulanci na DPP 2-3\u00d7 t\u00fddn\u011b na 4-6 hodin denn\u011b, p\u0159\u00edpadn\u011b na pracovn\u00ed pom\u011br do \u00favazku 0.5 (4-5\u00d7 t\u00fddn\u011b). Podm\u00ednky dle osobn\u00ed domluvy. V p\u0159\u00edpad\u011b z\u00e1jmu n\u00e1s kontaktujte ve v\u0161edn\u00ed dny dopoledne na telefonn\u00edm \u010d\u00edsle 549 439 914. D\u016fle\u017eit\u00e9 odkazy<\/p>\n","protected":false},"author":1,"featured_media":0,"parent":0,"menu_order":0,"comment_status":"closed","ping_status":"closed","template":"","meta":{"footnotes":""},"_links":{"self":[{"href":"https:\/\/chirurgietisnov.cz\/index.php\/wp-json\/wp\/v2\/pages\/317"}],"collection":[{"href":"https:\/\/chirurgietisnov.cz\/index.php\/wp-json\/wp\/v2\/pages"}],"about":[{"href":"https:\/\/chirurgietisnov.cz\/index.php\/wp-json\/wp\/v2\/types\/page"}],"author":[{"embeddable":true,"href":"https:\/\/chirurgietisnov.cz\/index.php\/wp-json\/wp\/v2\/users\/1"}],"replies":[{"embeddable":true,"href":"https:\/\/chirurgietisnov.cz\/index.php\/wp-json\/wp\/v2\/comments?post=317"}],"version-history":[{"count":33,"href":"https:\/\/chirurgietisnov.cz\/index.php\/wp-json\/wp\/v2\/pages\/317\/revisions"}],"predecessor-version":[{"id":431,"href":"https:\/\/chirurgietisnov.cz\/index.php\/wp-json\/wp\/v2\/pages\/317\/revisions\/431"}],"wp:attachment":[{"href":"https:\/\/chirurgietisnov.cz\/index.php\/wp-json\/wp\/v2\/media?parent=317"}],"curies":[{"name":"wp","href":"https:\/\/api.w.org\/{rel}","templated":true}]}}