{"id":39,"date":"2020-04-09T16:30:51","date_gmt":"2020-04-09T14:30:51","guid":{"rendered":"https:\/\/chirurgietisnov.cz\/?page_id=39"},"modified":"2026-02-13T19:07:31","modified_gmt":"2026-02-13T18:07:31","slug":"o-nas","status":"publish","type":"page","link":"https:\/\/chirurgietisnov.cz\/index.php\/o-nas\/","title":{"rendered":"O n\u00e1s"},"content":{"rendered":"\n<p><strong>CHIRURGIE TI\u0160NOV s.r.o<\/strong>. je pokra\u010dovatelem spole\u010dnosti&nbsp;Chirurgick\u00e1 a ortopedick\u00e1 ambulance MUDr. Stalmach Anton\u00edn s.r.o.<strong>,<\/strong> kter\u00e1 vznikla v roce 2015.<\/p>\n\n\n\n<p>V sou\u010dasn\u00e9 dob\u011b se zab\u00fdv\u00e1me poskytov\u00e1n\u00edm zdravotn\u00edch slu\u017eeb v&nbsp;oboru chirurgie a psychiatrie.<\/p>\n\n\n\n<p>Nov\u011b poskytujeme poradenstv\u00ed \u2013 psychoterapie -konzultace.&nbsp;<\/p>\n\n\n\n<h4 class=\"wp-block-heading\"><strong>Odborn\u00ed l\u00e9ka\u0159i:<\/strong><\/h4>\n\n\n\n<h5 class=\"wp-block-heading\"><strong>MUDr. Hynek Verner<\/strong>, <br>l\u00e9ka\u0159 &#8211; chirurg, jednatel<\/h5>\n\n\n\n<ul>\n<li>1994\u20132000&nbsp;absolvov\u00e1n\u00ed L\u00e9ka\u0159sk\u00e9 fakulty Masarykovy univerzity v Brn\u011b<\/li>\n\n\n\n<li>9\u201310\/1999&nbsp;studijn\u00ed pobyt na Univ. klin. f\u00fcr Unfallchirurgie AKH Wien<\/li>\n\n\n\n<li>2002<strong>&nbsp;<\/strong>atestace Chirurgie I. stupn\u011b<\/li>\n\n\n\n<li>2009 specializa\u010dn\u00ed zp\u016fsobilost &#8211; atestace &#8211; Chirurgie<\/li>\n\n\n\n<li>21 let praxe na chirurgick\u00fdch pracovi\u0161t\u00edch opera\u010dn\u00edch, l\u016f\u017ekov\u00fdch i ambulantn\u00edch (nemocnice Boskovice, \u00darazov\u00e1 nemocnice v&nbsp;Brn\u011b, nemocnice Milosrdn\u00fdch brat\u0159\u00ed v Brn\u011b, nemocnice Ti\u0161nov, I. chirurgick\u00e1 s.r.o., nemocnice Vy\u0161kov)<\/li>\n\n\n\n<li>specializace proktologie a miniinvazivn\u00ed chirurgie (laparoskopie)<\/li>\n\n\n\n<li>\u010dlen \u010cLK<\/li>\n<\/ul>\n\n\n\n<h5 class=\"wp-block-heading\" id=\"block-c0c92154-26c4-4d30-b240-9c9dc1483c97\"><strong>MUDr. Petra Vernerov\u00e1<\/strong>,<br>l\u00e9ka\u0159ka &#8211; psychiatrie<\/h5>\n\n\n\n<ul>\n<li>1994\u20132000&nbsp;absolvov\u00e1n\u00ed L\u00e9ka\u0159sk\u00e9 fakulty Masarykovy univerzity v Brn\u011b<\/li>\n\n\n\n<li>2002<strong>&nbsp;<\/strong>atestace Psychiatrie I. stupn\u011b<\/li>\n\n\n\n<li>2007 specializa\u010dn\u00ed zp\u016fsobilost \u2013 obor: Psychiatrie<\/li>\n\n\n\n<li>2003-2006 z\u00e1kladn\u00ed psychoterapeutick\u00fd v\u00fdcvik \u010cesk\u00fd institut PCA<\/li>\n\n\n\n<li>2011 supervizn\u00ed \u010d\u00e1st akreditovan\u00e9ho psychoterapeutick\u00e9ho v\u00fdcviku \u010cesk\u00fd institut PCA \u2013 Poradenstv\u00ed a psychoterapie zam\u011b\u0159en\u00e1 na klienta.<\/li>\n\n\n\n<li>21 let praxe na psychiatrick\u00fdch pracovi\u0161t\u00edch l\u016f\u017ekov\u00fdch i ambulantn\u00edch (Psychiatrick\u00e1 l\u00e9\u010debna Krom\u011b\u0159\u00ed\u017e, Psychiatrick\u00e9 odd\u011blen\u00ed Vojensk\u00e9&nbsp;nemocnice&nbsp;v&nbsp;Brn\u011b )<\/li>\n\n\n\n<li>specializace: poruchy n\u00e1lady, \u00fazkostn\u00e9 stavy, psychosomatick\u00e9 pot\u00ed\u017ee, poruchy sp\u00e1nku, psychick\u00e9 probl\u00e9my vznikl\u00e9 v reakci na z\u00e1t\u011b\u017eov\u00e9 \u017eivotn\u00ed situace a psychick\u00e9 poruchy ve st\u00e1\u0159\u00ed<\/li>\n\n\n\n<li>\u010dlenka \u010cLK<\/li>\n<\/ul>\n","protected":false},"excerpt":{"rendered":"<p>CHIRURGIE TI\u0160NOV s.r.o. je pokra\u010dovatelem spole\u010dnosti&nbsp;Chirurgick\u00e1 a ortopedick\u00e1 ambulance MUDr. Stalmach Anton\u00edn s.r.o., kter\u00e1 vznikla v roce 2015. V sou\u010dasn\u00e9 dob\u011b se zab\u00fdv\u00e1me poskytov\u00e1n\u00edm zdravotn\u00edch slu\u017eeb v&nbsp;oboru chirurgie a psychiatrie. Nov\u011b poskytujeme poradenstv\u00ed \u2013 psychoterapie -konzultace.&nbsp; Odborn\u00ed l\u00e9ka\u0159i: MUDr. Hynek Verner, l\u00e9ka\u0159 &#8211; chirurg, jednatel MUDr. Petra Vernerov\u00e1,l\u00e9ka\u0159ka &#8211; psychiatrie<\/p>\n","protected":false},"author":1,"featured_media":0,"parent":0,"menu_order":0,"comment_status":"closed","ping_status":"closed","template":"","meta":{"footnotes":""},"_links":{"self":[{"href":"https:\/\/chirurgietisnov.cz\/index.php\/wp-json\/wp\/v2\/pages\/39"}],"collection":[{"href":"https:\/\/chirurgietisnov.cz\/index.php\/wp-json\/wp\/v2\/pages"}],"about":[{"href":"https:\/\/chirurgietisnov.cz\/index.php\/wp-json\/wp\/v2\/types\/page"}],"author":[{"embeddable":true,"href":"https:\/\/chirurgietisnov.cz\/index.php\/wp-json\/wp\/v2\/users\/1"}],"replies":[{"embeddable":true,"href":"https:\/\/chirurgietisnov.cz\/index.php\/wp-json\/wp\/v2\/comments?post=39"}],"version-history":[{"count":27,"href":"https:\/\/chirurgietisnov.cz\/index.php\/wp-json\/wp\/v2\/pages\/39\/revisions"}],"predecessor-version":[{"id":425,"href":"https:\/\/chirurgietisnov.cz\/index.php\/wp-json\/wp\/v2\/pages\/39\/revisions\/425"}],"wp:attachment":[{"href":"https:\/\/chirurgietisnov.cz\/index.php\/wp-json\/wp\/v2\/media?parent=39"}],"curies":[{"name":"wp","href":"https:\/\/api.w.org\/{rel}","templated":true}]}}