{"id":40,"date":"2020-04-09T16:30:51","date_gmt":"2020-04-09T14:30:51","guid":{"rendered":"https:\/\/chirurgietisnov.cz\/?page_id=40"},"modified":"2023-10-15T10:15:13","modified_gmt":"2023-10-15T08:15:13","slug":"kontakt","status":"publish","type":"page","link":"https:\/\/chirurgietisnov.cz\/index.php\/kontakt\/","title":{"rendered":"Kontakt"},"content":{"rendered":"\n<h4 class=\"wp-block-heading\">Chirurgie Ti\u0161nov s.r.o.<\/h4>\n\n\n\n<p><strong>S\u00eddlo spole\u010dnosti:<\/strong> <br>n\u00e1m. M\u00edru 24 \/poliklinika\/<br>666 01 Ti\u0161nov<\/p>\n\n\n\n<p><strong>I\u010cO:<\/strong> 043 97&nbsp;851<\/p>\n\n\n\n<p><strong>I\u010cZ:<\/strong> 73&nbsp;185&nbsp;000<\/p>\n\n\n\n<p><strong>\u010c\u00edslo bankovn\u00edho \u00fa\u010dtu:<\/strong> 2601574455\/2010<\/p>\n\n\n\n<p><strong>Jednatel:<\/strong> MUDr. Hynek Verner, MUDr. Petra Vernerov\u00e1<\/p>\n\n\n\n<p><strong>Datov\u00e1 schr\u00e1nka:<\/strong> gy68586<\/p>\n\n\n\n<p><strong>Telefon:<\/strong> <a href=\"tel:549439914\">549 439&nbsp;914<\/a>&nbsp;<\/p>\n\n\n\n<figure class=\"wp-block-image size-large\"><img loading=\"lazy\" decoding=\"async\" width=\"939\" height=\"751\" src=\"https:\/\/chirurgietisnov.cz\/wp-content\/uploads\/2020\/04\/image-1.png\" alt=\"\" class=\"wp-image-100\" srcset=\"https:\/\/chirurgietisnov.cz\/wp-content\/uploads\/2020\/04\/image-1.png 939w, https:\/\/chirurgietisnov.cz\/wp-content\/uploads\/2020\/04\/image-1-300x240.png 300w, https:\/\/chirurgietisnov.cz\/wp-content\/uploads\/2020\/04\/image-1-768x614.png 768w\" sizes=\"(max-width: 939px) 100vw, 939px\" \/><\/figure>\n","protected":false},"excerpt":{"rendered":"<p>Chirurgie Ti\u0161nov s.r.o. S\u00eddlo spole\u010dnosti: n\u00e1m. M\u00edru 24 \/poliklinika\/666 01 Ti\u0161nov I\u010cO: 043 97&nbsp;851 I\u010cZ: 73&nbsp;185&nbsp;000 \u010c\u00edslo bankovn\u00edho \u00fa\u010dtu: 2601574455\/2010 Jednatel: MUDr. Hynek Verner, MUDr. Petra Vernerov\u00e1 Datov\u00e1 schr\u00e1nka: gy68586 Telefon: 549 439&nbsp;914&nbsp;<\/p>\n","protected":false},"author":1,"featured_media":0,"parent":0,"menu_order":0,"comment_status":"closed","ping_status":"closed","template":"","meta":{"footnotes":""},"_links":{"self":[{"href":"https:\/\/chirurgietisnov.cz\/index.php\/wp-json\/wp\/v2\/pages\/40"}],"collection":[{"href":"https:\/\/chirurgietisnov.cz\/index.php\/wp-json\/wp\/v2\/pages"}],"about":[{"href":"https:\/\/chirurgietisnov.cz\/index.php\/wp-json\/wp\/v2\/types\/page"}],"author":[{"embeddable":true,"href":"https:\/\/chirurgietisnov.cz\/index.php\/wp-json\/wp\/v2\/users\/1"}],"replies":[{"embeddable":true,"href":"https:\/\/chirurgietisnov.cz\/index.php\/wp-json\/wp\/v2\/comments?post=40"}],"version-history":[{"count":13,"href":"https:\/\/chirurgietisnov.cz\/index.php\/wp-json\/wp\/v2\/pages\/40\/revisions"}],"predecessor-version":[{"id":366,"href":"https:\/\/chirurgietisnov.cz\/index.php\/wp-json\/wp\/v2\/pages\/40\/revisions\/366"}],"wp:attachment":[{"href":"https:\/\/chirurgietisnov.cz\/index.php\/wp-json\/wp\/v2\/media?parent=40"}],"curies":[{"name":"wp","href":"https:\/\/api.w.org\/{rel}","templated":true}]}}