{"id":44,"date":"2020-04-09T16:30:51","date_gmt":"2020-04-09T14:30:51","guid":{"rendered":"https:\/\/chirurgietisnov.cz\/?page_id=44"},"modified":"2026-02-13T19:09:09","modified_gmt":"2026-02-13T18:09:09","slug":"domu","status":"publish","type":"page","link":"https:\/\/chirurgietisnov.cz\/index.php\/domu\/","title":{"rendered":"Chirurgick\u00e1 ambulance"},"content":{"rendered":"\n<p class=\"has-text-align-center has-small-font-size\">CHIRURGIE TI\u0160NOV s.r.o.<br>I\u010cO:043 97 851<br>N\u00e1m\u011bst\u00ed M\u00edru 24, 66601 Ti\u0161nov<\/p>\n\n\n\n<h2 class=\"wp-block-heading has-text-align-center has-large-font-size\"><strong>Ordina\u010dn\u00ed doba:<\/strong><\/h2>\n\n\n\n<figure class=\"wp-block-table\"><table><tbody><tr><td>Pond\u011bl\u00ed<\/td><td class=\"has-text-align-center\" data-align=\"center\">7:00 &#8211; 14:00<\/td><\/tr><tr><td>\u00dater\u00fd<\/td><td class=\"has-text-align-center\" data-align=\"center\">7:00 &#8211; 13:00<\/td><\/tr><tr><td>St\u0159eda<\/td><td class=\"has-text-align-center\" data-align=\"center\">7:00 &#8211; 13:00<\/td><\/tr><tr><td>\u010ctvrtek<\/td><td class=\"has-text-align-center\" data-align=\"center\">7:00 &#8211; 13:00<\/td><\/tr><tr><td>P\u00e1tek<\/td><td class=\"has-text-align-center\" data-align=\"center\">8:00 &#8211; 13:00<\/td><\/tr><\/tbody><\/table><\/figure>\n\n\n<p style=\"text-align: center;\"><!--StartFragment--><\/p>\n\n\n<p class=\"has-large-font-size\"><strong>L\u00e9ka\u0159:<\/strong><\/p>\n\n\n\n<ul>\n<li>MUDr. Hynek Verner<\/li>\n<\/ul>\n\n\n\n<p class=\"has-large-font-size\"><strong>Sestra:<\/strong><\/p>\n\n\n\n<ul>\n<li>Jana Sk\u0159iv\u00e1nkov\u00e1<\/li>\n\n\n\n<li>Hana Fabi\u00e1nov\u00e1<\/li>\n<\/ul>\n\n\n\n<h2 class=\"wp-block-heading has-large-font-size\"><strong>Obecn\u00e9 Informace<\/strong><\/h2>\n\n\n\n<ul>\n<li>V\u017edy prvn\u00edch 15 minut ordina\u010dn\u00ed doby = p\u0159\u00edprava ambulance k&nbsp;provozu.<\/li>\n\n\n\n<li>Posledn\u00ed neobjednan\u00fd pacient bude o\u0161et\u0159en v\u017edy 1 hodinu p\u0159ed koncem ordina\u010dn\u00ed doby. <\/li>\n\n\n\n<li>P\u0159ed vstupem do ordinace si p\u0159ipravte pr\u016fkaz poji\u0161t\u011bnce zdravotn\u00ed poji\u0161\u0165ovny<\/li>\n\n\n\n<li>Po\u0159ad\u00ed pacient\u016f ur\u010duje l\u00e9ka\u0159. P\u0159ednost maj\u00ed akutn\u00ed a objednan\u00ed pacienti.<\/li>\n\n\n\n<li><strong><span style=\"text-decoration: underline;\">Objednejte se k&nbsp;vy\u0161et\u0159en\u00ed:<\/span> Objednan\u00fd \u010das vy\u0161et\u0159en\u00ed je pouze orienta\u010dn\u00ed, m\u016f\u017ee b\u00fdt ovlivn\u011bn nutnost\u00ed o\u0161et\u0159it akutn\u00edho pacienta.<\/strong><\/li>\n\n\n\n<li><strong>U d\u011bt\u00ed do 18 let v\u011bku vy\u017eadujeme p\u0159\u00edtomnost z\u00e1konn\u00e9ho z\u00e1stupce!<\/strong><\/li>\n<\/ul>\n\n\n\n<p>Objednan\u00fd \u010das vy\u0161et\u0159en\u00ed je pouze orienta\u010dn\u00ed, m\u016f\u017ee b\u00fdt ovlivn\u011bn nutnost\u00ed o\u0161et\u0159it akutn\u00edho pacienta. <\/p>\n\n\n\n<p class=\"has-primary-color has-text-color\"><strong>U d\u011bt\u00ed do 18 let v\u011bku vy\u017eadujeme p\u0159\u00edtomnost z\u00e1konn\u00e9ho z\u00e1stupce!<\/strong><\/p>\n\n\n\n<h5 class=\"wp-block-heading has-large-font-size\"><strong>Mimo ordina\u010dn\u00ed dobu akutn\u00ed p\u0159\u00edpady o\u0161et\u0159uje<\/strong><strong>: <\/strong><\/h5>\n\n\n\n<ul>\n<li><strong>Dosp\u011bl\u00ed pacienti <\/strong>&#8211; ambulance Odd\u011blen\u00ed st\u00e1l\u00e9 chirurgick\u00e9 a \u00farazov\u00e9 slu\u017eby \u00darazov\u00e9 nemocnice v Brn\u011b, Pon\u00e1vka 6. <\/li>\n\n\n\n<li><strong>D\u011bt\u0161t\u00ed pacienti <\/strong>&#8211; pohotovost FN Brno \u2013&nbsp; \u010cernopoln\u00ed 8\u201310.<\/li>\n<\/ul>\n\n\n\n<p class=\"has-text-color\" style=\"color:#ff0000\"><strong>V urgentn\u00edch situac\u00edch volejte ZZS JmK telefon: 155<\/strong><\/p>\n\n\n\n<h2 class=\"wp-block-heading has-large-font-size\"><strong>Nab\u00eddka zdravotn\u00edch slu\u017eeb:<\/strong><\/h2>\n\n\n\n<ul>\n<li><strong>Klinick\u00e9 vy\u0161et\u0159en\u00ed chirurgick\u00fdch onemocn\u011bn\u00ed a \u00faraz\u016f<\/strong>.<\/li>\n\n\n\n<li><strong>Ambulantn\u00ed opera\u010dn\u00ed v\u00fdkony&nbsp;<\/strong>\u2013 odstran\u011bn\u00ed znam\u00e9nek, povrchov\u00fdch n\u00e1dor\u016f m\u011bkk\u00fdch tk\u00e1n\u00ed \/nap\u0159. lipom\u016f apod.\/<\/li>\n\n\n\n<li><strong>Proktologie \u2013 vy\u0161et\u0159en\u00ed onemocn\u011bn\u00ed kone\u010dn\u00edku<\/strong>&nbsp;\/ hemorhoidy, \u0159itn\u00ed trhliny\/ v\u010detn\u011b vy\u0161et\u0159en\u00ed anoskopie, o\u0161et\u0159en\u00ed hemorhoid\u016f metodou Barronovy ligace hemorhoid\u016f, objedn\u00e1n\u00ed kolonoskopick\u00e9ho vy\u0161et\u0159en\u00ed na jin\u00e9m pracovi\u0161ti.<\/li>\n\n\n\n<li><strong>Opera\u010dn\u00ed v\u00fdkony pl\u00e1novan\u00e9<\/strong>&nbsp;\u2013 pupe\u010dn\u00ed a t\u0159\u00edseln\u00e9 k\u00fdly, \u017elu\u010dn\u00edk, hemorhoidy, syndrom karp\u00e1ln\u00edho tunelu, odstran\u011bn\u00ed v\u011bt\u0161\u00edch n\u00e1dor\u016f m\u011bkk\u00fdch tk\u00e1n\u00ed apod. \u2013 vy\u0161et\u0159en\u00ed a stanoven\u00ed postupu a&nbsp;poopera\u010dn\u00ed chirurgickou p\u00e9\u010di provedeme na na\u0161\u00ed chirurgick\u00e9 ambulanci, operace provedeme cestou spolupracuj\u00edc\u00edho chirurgick\u00e9ho odd\u011blen\u00ed nebo doporu\u010d\u00edme pracovi\u0161t\u011b.<\/li>\n\n\n\n<li><strong>Konzultace zdravotn\u00edch probl\u00e9m\u016f<\/strong>&nbsp;\u2013 nap\u0159\u00edklad pokud si nejste jisti, zda se jedn\u00e1 o chirurgick\u00e9\/c\u00e9vn\u011b-chirurgick\u00e9\/ortopedick\u00e9\/urologick\u00e9\/ neurologick\u00e9 apod. onemocn\u011bn\u00ed \u2013 s&nbsp;n\u00e1vaznost\u00ed na specialisty p\u0159\u00edslu\u0161n\u00fdch obor\u016f, se kter\u00fdmi spolupracujeme.<\/li>\n<\/ul>\n\n\n\n<p><strong><span style=\"text-decoration: underline;\"><u>Zdravotn\u00ed slu\u017eby jsou hrazeny smluvn\u00edmi zdravotn\u00edmi poji\u0161\u0165ovnami<\/u> s v\u00fdjimkami uveden\u00fdmi v <a href=\"https:\/\/chirurgietisnov.cz\/index.php\/cenik\/\" data-type=\"page\" data-id=\"121\">Cen\u00edku Chirurgie<\/a>.<\/span><\/strong><\/p>\n\n\n\n<h5 class=\"wp-block-heading\">Smluvn\u00ed zdravotn\u00ed poji\u0161\u0165ovny:<\/h5>\n\n\n\n<ul>\n<li><strong>111- VZP \u2013 V\u0161eobecn\u00e1 zdravotn\u00ed poji\u0161\u0165ovna<\/strong><\/li>\n\n\n\n<li><strong>201- VoZP \u2013 Vojensk\u00e1 zdravotn\u00ed poji\u0161\u0165ovna<\/strong><\/li>\n\n\n\n<li><strong>205- \u010cPZP \u2013 \u010cesk\u00e1 pr\u016fmyslov\u00e1 zdravotn\u00ed poji\u0161\u0165ovna<\/strong><\/li>\n\n\n\n<li><strong>207- OZP \u2013 Oborov\u00e1 zdravotn\u00ed poji\u0161\u0165ovna<\/strong><\/li>\n\n\n\n<li><strong>209- ZP\u0160 \u2013 Zam\u011bstnaneck\u00e1 poji\u0161\u0165ovna \u0160koda<\/strong><\/li>\n\n\n\n<li><strong>211- ZPMV \u2013 Zdravotn\u00ed poji\u0161\u0165ovna ministerstva vnitra<\/strong><\/li>\n\n\n\n<li><strong>213- RBP \u2013 Rev\u00edrn\u00ed bratrsk\u00e1 pokladna, zdravotn\u00ed poji\u0161\u0165ovna<\/strong><\/li>\n<\/ul>\n\n\n\n<h5 class=\"wp-block-heading\">Rozhodnut\u00ed poskytovatele zdravotn\u00ed zlu\u017eby:<\/h5>\n\n\n\n<p>K&nbsp;poskytov\u00e1n\u00ed \u017e\u00e1dn\u00e9 ze zdravotn\u00edch slu\u017eeb chirurgick\u00e9 ambulance nebude vy\u017eadov\u00e1n informovan\u00fd souhlas pacienta p\u00edsemnou formou s&nbsp;v\u00fdjimkou p\u0159\u00edpad\u016f, kter\u00e9 stanovuje platn\u00fd z\u00e1kon.<\/p>\n\n\n\n<p><strong><u>Evidence st\u00ed\u017enost\u00ed<\/u> je k&nbsp;dispozici u ambulantn\u00ed sestry.<\/strong><\/p>\n","protected":false},"excerpt":{"rendered":"<p>CHIRURGIE TI\u0160NOV s.r.o.I\u010cO:043 97 851N\u00e1m\u011bst\u00ed M\u00edru 24, 66601 Ti\u0161nov Ordina\u010dn\u00ed doba: Pond\u011bl\u00ed 7:00 &#8211; 14:00 \u00dater\u00fd 7:00 &#8211; 13:00 St\u0159eda 7:00 &#8211; 13:00 \u010ctvrtek 7:00 &#8211; 13:00 P\u00e1tek 8:00 &#8211; 13:00 L\u00e9ka\u0159: Sestra: Obecn\u00e9 Informace Objednan\u00fd \u010das vy\u0161et\u0159en\u00ed je pouze orienta\u010dn\u00ed, m\u016f\u017ee b\u00fdt ovlivn\u011bn nutnost\u00ed o\u0161et\u0159it akutn\u00edho pacienta. U d\u011bt\u00ed do 18 let v\u011bku vy\u017eadujeme [&hellip;]<\/p>\n","protected":false},"author":1,"featured_media":0,"parent":0,"menu_order":0,"comment_status":"closed","ping_status":"closed","template":"","meta":{"footnotes":""},"_links":{"self":[{"href":"https:\/\/chirurgietisnov.cz\/index.php\/wp-json\/wp\/v2\/pages\/44"}],"collection":[{"href":"https:\/\/chirurgietisnov.cz\/index.php\/wp-json\/wp\/v2\/pages"}],"about":[{"href":"https:\/\/chirurgietisnov.cz\/index.php\/wp-json\/wp\/v2\/types\/page"}],"author":[{"embeddable":true,"href":"https:\/\/chirurgietisnov.cz\/index.php\/wp-json\/wp\/v2\/users\/1"}],"replies":[{"embeddable":true,"href":"https:\/\/chirurgietisnov.cz\/index.php\/wp-json\/wp\/v2\/comments?post=44"}],"version-history":[{"count":39,"href":"https:\/\/chirurgietisnov.cz\/index.php\/wp-json\/wp\/v2\/pages\/44\/revisions"}],"predecessor-version":[{"id":427,"href":"https:\/\/chirurgietisnov.cz\/index.php\/wp-json\/wp\/v2\/pages\/44\/revisions\/427"}],"wp:attachment":[{"href":"https:\/\/chirurgietisnov.cz\/index.php\/wp-json\/wp\/v2\/media?parent=44"}],"curies":[{"name":"wp","href":"https:\/\/api.w.org\/{rel}","templated":true}]}}